{"id":4905,"date":"2015-08-24T14:19:22","date_gmt":"2015-08-24T14:19:22","guid":{"rendered":"https:\/\/www.odysseia-lefkada.eu\/home-2\/"},"modified":"2025-12-03T09:30:12","modified_gmt":"2025-12-03T09:30:12","slug":"home-2","status":"publish","type":"page","link":"https:\/\/www.odysseia-lefkada.eu\/ro\/","title":{"rendered":"HOME"},"content":{"rendered":"","protected":false},"excerpt":{"rendered":"","protected":false},"author":1,"featured_media":4821,"parent":0,"menu_order":0,"comment_status":"closed","ping_status":"closed","template":"","meta":{"footnotes":""},"class_list":["post-4905","page","type-page","status-publish","has-post-thumbnail","hentry"],"yoast_head":"<!-- This site is optimized with the Yoast SEO plugin v26.7 - https:\/\/yoast.com\/wordpress\/plugins\/seo\/ -->\n<title>Croaziere zilnice ODYSSEIA \u0219i barc\u0103 charter privat\u0103, Lefkada<\/title>\n<meta name=\"description\" content=\"Top excursie cu barca \u00een Lefkada. Excursii cu barca \u00een paradis din Nidri, Lefkada, Grecia, pline de istorie, snorkeling, relaxare \u0219i naviga\u021bie.\" \/>\n<meta name=\"robots\" content=\"index, follow, max-snippet:-1, max-image-preview:large, max-video-preview:-1\" \/>\n<link rel=\"canonical\" href=\"https:\/\/www.odysseia-lefkada.eu\/ro\/\" \/>\n<meta property=\"og:locale\" content=\"ro_RO\" \/>\n<meta property=\"og:type\" content=\"article\" \/>\n<meta property=\"og:title\" content=\"Croaziere zilnice ODYSSEIA \u0219i barc\u0103 charter privat\u0103, Lefkada\" \/>\n<meta property=\"og:description\" content=\"Top excursie cu barca \u00een Lefkada. Excursii cu barca \u00een paradis din Nidri, Lefkada, Grecia, pline de istorie, snorkeling, relaxare \u0219i naviga\u021bie.\" \/>\n<meta property=\"og:url\" content=\"https:\/\/www.odysseia-lefkada.eu\/ro\/\" \/>\n<meta property=\"og:site_name\" content=\"ODYSSEIA daily cruises &amp; private charter boat, Lefkada\" \/>\n<meta property=\"article:modified_time\" content=\"2025-12-03T09:30:12+00:00\" \/>\n<meta property=\"og:image\" content=\"https:\/\/www.odysseia-lefkada.eu\/wp-content\/uploads\/2022\/02\/1-\u039c\u03b5\u03b3\u03b1\u03bb\u03b7.jpg\" \/>\n\t<meta property=\"og:image:width\" content=\"1078\" \/>\n\t<meta property=\"og:image:height\" content=\"702\" \/>\n\t<meta property=\"og:image:type\" content=\"image\/jpeg\" \/>\n<meta name=\"twitter:card\" content=\"summary_large_image\" \/>\n<script type=\"application\/ld+json\" class=\"yoast-schema-graph\">{\"@context\":\"https:\/\/schema.org\",\"@graph\":[{\"@type\":\"WebPage\",\"@id\":\"https:\/\/www.odysseia-lefkada.eu\/ro\/\",\"url\":\"https:\/\/www.odysseia-lefkada.eu\/ro\/\",\"name\":\"Croaziere zilnice ODYSSEIA \u0219i barc\u0103 charter privat\u0103, Lefkada\",\"isPartOf\":{\"@id\":\"https:\/\/www.odysseia-lefkada.eu\/#website\"},\"primaryImageOfPage\":{\"@id\":\"https:\/\/www.odysseia-lefkada.eu\/ro\/#primaryimage\"},\"image\":{\"@id\":\"https:\/\/www.odysseia-lefkada.eu\/ro\/#primaryimage\"},\"thumbnailUrl\":\"https:\/\/www.odysseia-lefkada.eu\/wp-content\/uploads\/2022\/02\/1-\u039c\u03b5\u03b3\u03b1\u03bb\u03b7.jpg\",\"datePublished\":\"2015-08-24T14:19:22+00:00\",\"dateModified\":\"2025-12-03T09:30:12+00:00\",\"description\":\"Top excursie cu barca \u00een Lefkada. Excursii cu barca \u00een paradis din Nidri, Lefkada, Grecia, pline de istorie, snorkeling, relaxare \u0219i naviga\u021bie.\",\"breadcrumb\":{\"@id\":\"https:\/\/www.odysseia-lefkada.eu\/ro\/#breadcrumb\"},\"inLanguage\":\"ro-RO\",\"potentialAction\":[{\"@type\":\"ReadAction\",\"target\":[\"https:\/\/www.odysseia-lefkada.eu\/ro\/\"]}]},{\"@type\":\"ImageObject\",\"inLanguage\":\"ro-RO\",\"@id\":\"https:\/\/www.odysseia-lefkada.eu\/ro\/#primaryimage\",\"url\":\"https:\/\/www.odysseia-lefkada.eu\/wp-content\/uploads\/2022\/02\/1-\u039c\u03b5\u03b3\u03b1\u03bb\u03b7.jpg\",\"contentUrl\":\"https:\/\/www.odysseia-lefkada.eu\/wp-content\/uploads\/2022\/02\/1-\u039c\u03b5\u03b3\u03b1\u03bb\u03b7.jpg\",\"width\":1078,\"height\":702},{\"@type\":\"BreadcrumbList\",\"@id\":\"https:\/\/www.odysseia-lefkada.eu\/ro\/#breadcrumb\",\"itemListElement\":[{\"@type\":\"ListItem\",\"position\":1,\"name\":\"Home\",\"item\":\"https:\/\/www.odysseia-lefkada.eu\/ro\/\"},{\"@type\":\"ListItem\",\"position\":2,\"name\":\"HOME\"}]},{\"@type\":\"WebSite\",\"@id\":\"https:\/\/www.odysseia-lefkada.eu\/#website\",\"url\":\"https:\/\/www.odysseia-lefkada.eu\/\",\"name\":\"ODYSSEIA daily cruises &amp; private charter boat, Lefkada\",\"description\":\"ODYSSEIA daily cruises &amp; private charter boat, Lefkada\",\"potentialAction\":[{\"@type\":\"SearchAction\",\"target\":{\"@type\":\"EntryPoint\",\"urlTemplate\":\"https:\/\/www.odysseia-lefkada.eu\/?s={search_term_string}\"},\"query-input\":{\"@type\":\"PropertyValueSpecification\",\"valueRequired\":true,\"valueName\":\"search_term_string\"}}],\"inLanguage\":\"ro-RO\"}]}<\/script>\n<!-- \/ Yoast SEO plugin. -->","yoast_head_json":{"title":"Croaziere zilnice ODYSSEIA \u0219i barc\u0103 charter privat\u0103, Lefkada","description":"Top excursie cu barca \u00een Lefkada. Excursii cu barca \u00een paradis din Nidri, Lefkada, Grecia, pline de istorie, snorkeling, relaxare \u0219i naviga\u021bie.","robots":{"index":"index","follow":"follow","max-snippet":"max-snippet:-1","max-image-preview":"max-image-preview:large","max-video-preview":"max-video-preview:-1"},"canonical":"https:\/\/www.odysseia-lefkada.eu\/ro\/","og_locale":"ro_RO","og_type":"article","og_title":"Croaziere zilnice ODYSSEIA \u0219i barc\u0103 charter privat\u0103, Lefkada","og_description":"Top excursie cu barca \u00een Lefkada. Excursii cu barca \u00een paradis din Nidri, Lefkada, Grecia, pline de istorie, snorkeling, relaxare \u0219i naviga\u021bie.","og_url":"https:\/\/www.odysseia-lefkada.eu\/ro\/","og_site_name":"ODYSSEIA daily cruises &amp; private charter boat, Lefkada","article_modified_time":"2025-12-03T09:30:12+00:00","og_image":[{"width":1078,"height":702,"url":"https:\/\/www.odysseia-lefkada.eu\/wp-content\/uploads\/2022\/02\/1-\u039c\u03b5\u03b3\u03b1\u03bb\u03b7.jpg","type":"image\/jpeg"}],"twitter_card":"summary_large_image","schema":{"@context":"https:\/\/schema.org","@graph":[{"@type":"WebPage","@id":"https:\/\/www.odysseia-lefkada.eu\/ro\/","url":"https:\/\/www.odysseia-lefkada.eu\/ro\/","name":"Croaziere zilnice ODYSSEIA \u0219i barc\u0103 charter privat\u0103, Lefkada","isPartOf":{"@id":"https:\/\/www.odysseia-lefkada.eu\/#website"},"primaryImageOfPage":{"@id":"https:\/\/www.odysseia-lefkada.eu\/ro\/#primaryimage"},"image":{"@id":"https:\/\/www.odysseia-lefkada.eu\/ro\/#primaryimage"},"thumbnailUrl":"https:\/\/www.odysseia-lefkada.eu\/wp-content\/uploads\/2022\/02\/1-\u039c\u03b5\u03b3\u03b1\u03bb\u03b7.jpg","datePublished":"2015-08-24T14:19:22+00:00","dateModified":"2025-12-03T09:30:12+00:00","description":"Top excursie cu barca \u00een Lefkada. Excursii cu barca \u00een paradis din Nidri, Lefkada, Grecia, pline de istorie, snorkeling, relaxare \u0219i naviga\u021bie.","breadcrumb":{"@id":"https:\/\/www.odysseia-lefkada.eu\/ro\/#breadcrumb"},"inLanguage":"ro-RO","potentialAction":[{"@type":"ReadAction","target":["https:\/\/www.odysseia-lefkada.eu\/ro\/"]}]},{"@type":"ImageObject","inLanguage":"ro-RO","@id":"https:\/\/www.odysseia-lefkada.eu\/ro\/#primaryimage","url":"https:\/\/www.odysseia-lefkada.eu\/wp-content\/uploads\/2022\/02\/1-\u039c\u03b5\u03b3\u03b1\u03bb\u03b7.jpg","contentUrl":"https:\/\/www.odysseia-lefkada.eu\/wp-content\/uploads\/2022\/02\/1-\u039c\u03b5\u03b3\u03b1\u03bb\u03b7.jpg","width":1078,"height":702},{"@type":"BreadcrumbList","@id":"https:\/\/www.odysseia-lefkada.eu\/ro\/#breadcrumb","itemListElement":[{"@type":"ListItem","position":1,"name":"Home","item":"https:\/\/www.odysseia-lefkada.eu\/ro\/"},{"@type":"ListItem","position":2,"name":"HOME"}]},{"@type":"WebSite","@id":"https:\/\/www.odysseia-lefkada.eu\/#website","url":"https:\/\/www.odysseia-lefkada.eu\/","name":"ODYSSEIA daily cruises &amp; private charter boat, Lefkada","description":"ODYSSEIA daily cruises &amp; private charter boat, Lefkada","potentialAction":[{"@type":"SearchAction","target":{"@type":"EntryPoint","urlTemplate":"https:\/\/www.odysseia-lefkada.eu\/?s={search_term_string}"},"query-input":{"@type":"PropertyValueSpecification","valueRequired":true,"valueName":"search_term_string"}}],"inLanguage":"ro-RO"}]}},"_links":{"self":[{"href":"https:\/\/www.odysseia-lefkada.eu\/ro\/wp-json\/wp\/v2\/pages\/4905","targetHints":{"allow":["GET"]}}],"collection":[{"href":"https:\/\/www.odysseia-lefkada.eu\/ro\/wp-json\/wp\/v2\/pages"}],"about":[{"href":"https:\/\/www.odysseia-lefkada.eu\/ro\/wp-json\/wp\/v2\/types\/page"}],"author":[{"embeddable":true,"href":"https:\/\/www.odysseia-lefkada.eu\/ro\/wp-json\/wp\/v2\/users\/1"}],"replies":[{"embeddable":true,"href":"https:\/\/www.odysseia-lefkada.eu\/ro\/wp-json\/wp\/v2\/comments?post=4905"}],"version-history":[{"count":5,"href":"https:\/\/www.odysseia-lefkada.eu\/ro\/wp-json\/wp\/v2\/pages\/4905\/revisions"}],"predecessor-version":[{"id":5352,"href":"https:\/\/www.odysseia-lefkada.eu\/ro\/wp-json\/wp\/v2\/pages\/4905\/revisions\/5352"}],"wp:featuredmedia":[{"embeddable":true,"href":"https:\/\/www.odysseia-lefkada.eu\/ro\/wp-json\/wp\/v2\/media\/4821"}],"wp:attachment":[{"href":"https:\/\/www.odysseia-lefkada.eu\/ro\/wp-json\/wp\/v2\/media?parent=4905"}],"curies":[{"name":"wp","href":"https:\/\/api.w.org\/{rel}","templated":true}]}}